{"id":1837,"date":"2025-09-13T15:35:50","date_gmt":"2025-09-13T15:35:50","guid":{"rendered":"https:\/\/agnium.de\/?page_id=1837"},"modified":"2025-09-13T15:41:04","modified_gmt":"2025-09-13T15:41:04","slug":"datenschutzerklaerung","status":"publish","type":"page","link":"https:\/\/agnium.de\/en\/datenschutzerklaerung\/","title":{"rendered":"Privacy Policy"},"content":{"rendered":"<div data-elementor-type=\"wp-page\" data-elementor-id=\"1837\" class=\"elementor elementor-1837\">\n\t\t\t\t\t\t<section class=\"elementor-section elementor-top-section elementor-element elementor-element-a6b78ea elementor-section-boxed elementor-section-height-default elementor-section-height-default wpr-particle-no wpr-jarallax-no wpr-parallax-no wpr-sticky-section-no\" data-id=\"a6b78ea\" data-element_type=\"section\">\n\t\t\t\t\t\t<div class=\"elementor-container elementor-column-gap-default\">\n\t\t\t\t\t<div class=\"elementor-column elementor-col-100 elementor-top-column elementor-element elementor-element-c4c02de\" data-id=\"c4c02de\" data-element_type=\"column\">\n\t\t\t<div class=\"elementor-widget-wrap elementor-element-populated\">\n\t\t\t\t\t\t<div class=\"elementor-element elementor-element-72d0a3bf main-heading_center elementor-widget elementor-widget-text-editor\" data-id=\"72d0a3bf\" data-element_type=\"widget\" data-widget_type=\"text-editor.default\">\n\t\t\t\t<div class=\"elementor-widget-container\">\n\t\t\t\t\t\t\t\t\t<h2 class=\"emptyclass\"> Privacy Policy <\/h2>\t\t\t\t\t\t\t\t<\/div>\n\t\t\t\t<\/div>\n\t\t\t\t<div class=\"elementor-element elementor-element-395f376d main-heading elementor-widget elementor-widget-text-editor\" data-id=\"395f376d\" data-element_type=\"widget\" data-widget_type=\"text-editor.default\">\n\t\t\t\t<div class=\"elementor-widget-container\">\n\t\t\t\t\t\t\t\t\t<div class=\"s4\"><p>Responsible body: The responsible body for the processing of personal data is Agnium UG (limited liability), represented by Dr. Sergejs Nazarovs, Agnium UG, Rheinstr. 96, 56235 Ransbach-Baumbach.<\/p><p>Types of personal data: We collect the following personal data:<\/p><ul><li>Name first Name<\/li><li>E-Mail<\/li><li>Phone<\/li><li>IP-Address<\/li><li>Browser type and version<\/li><li>Operating system<\/li><li>Referrer URL<\/li><li>Date and time of access<\/li><\/ul><p>Purpose of data processing The personal data will be processed for the following purposes:<\/p><ul><li>to process inquiries<\/li><li>to complete and execute orders<\/li><li>to send newsletters<\/li><li>to analyze and improve website usage<\/li><\/ul><p>Legal basis: The processing of personal data is based on the following legal basis:<\/p><ul><li>Consent of the data subject<\/li><li>Performance of the contract or implementation of pre-contractual measures<\/li><li>legitimate interest<\/li><\/ul><p>Recipients of the personal data: Recipients of the personal data are:<\/p><ul><li>internal departments of Agnium UG that are involved in processing inquiries and orders<\/li><li>Service providers who work on behalf of Agnium UG, such as hosting providers or shipping service providers<\/li><\/ul><p>Storage period: Personal data will be stored for as long as necessary to achieve the respective purposes. Longer storage will only occur if required by law.<\/p><ol><li>Rights of data subjects: Data subjects have the right to information, rectification, erasure, restriction of processing, objection to processing, and data portability. These rights can be exercised using the contact details at the end of this privacy policy.<\/li><li>Data security: We take technical and organizational security measures to protect personal data. We pay particular attention to data confidentiality, integrity, and availability.<\/li><li>Cookies: We use cookies to facilitate and improve your experience on our website. For more information, see our Cookie Policy.<\/li><li>Changes to the Privacy Policy: We reserve the right to modify this Privacy Policy from time to time. A current version is always available on our website.<\/li><\/ol><p>Contact For questions or concerns regarding data protection, you can contact us by email at\u00a0<a class=\"x-el x-el-a c1-1n c1-1o c1-8h c1-1q c1-1f c1-1r c1-1s c1-6a c1-b c1-1z c1-20 c1-21 c1-22\" href=\"mailto:info@agnium.de\" target=\"_blank\" rel=\"noopener\">info@agnium.de<\/a>\u00a0or by post at the above address.<\/p><\/div>\t\t\t\t\t\t\t\t<\/div>\n\t\t\t\t<\/div>\n\t\t\t\t\t<\/div>\n\t\t<\/div>\n\t\t\t\t\t<\/div>\n\t\t<\/section>\n\t\t\t\t<\/div>","protected":false},"excerpt":{"rendered":"<p>Datenschutzerkl\u00e4rung Verantwortliche Stelle: Verantwortliche Stelle f\u00fcr die Verarbeitung der personenbezogenen Daten ist die Agnium UG (haftungsbeschr\u00e4nkt), vertreten durch Dr. Sergejs Nazarovs, Agnium UG, Rheinstr. 96, 56235 Ransbach-Baumbach. Arten von personenbezogenen Daten: Wir erfassen folgende personenbezogene Daten: Name, Vorname E-Mail-Adresse Telefonnummer IP-Adresse Browsertyp und -version Betriebssystem Referrer URL Datum und Uhrzeit des Zugriffs Zweck der Datenverarbeitung Die personenbezogenen Daten werden f\u00fcr folgende Zwecke \u00a0verarbeitet: um Anfragen zu bearbeiten um Bestellungen abzuschlie\u00dfen und auszuf\u00fchren um Newsletter zu versenden um die Nutzung der Webseite zu analysieren und zu verbessern Rechtsgrundlage: Die Verarbeitung der\u00a0 personenbezogenen Daten erfolgt auf folgender Rechtsgrundlage: Einwilligung des Betroffenen Vertragserf\u00fcllung oder Durchf\u00fchrung vorvertraglicher Ma\u00dfnahmen berechtigtes Interesse Empf\u00e4nger der personenbezogenen Daten: Empf\u00e4nger der personenbezogenen Daten sind: interne Abteilungen der Agnium UG, die an der Bearbeitung der Anfragen und Bestellungen beteiligt sind Dienstleister, die im Auftrag der Agnium UG t\u00e4tig sind, wie z.B. Hosting-Provider oder Versanddienstleister Speicherdauer: Die personenbezogenen Daten werden solange gespeichert, wie es f\u00fcr die Erreichung der jeweiligen Zwecke erforderlich ist. Eine l\u00e4ngere Speicherung erfolgt nur, soweit dies gesetzlich vorgeschrieben ist. Betroffenenrechte: Die betroffenen Personen haben das Recht auf Auskunft, Berichtigung, L\u00f6schung, Einschr\u00e4nkung der Verarbeitung, Widerspruch gegen die Verarbeitung sowie auf Daten\u00fcbertragbarkeit. Die Aus\u00fcbung dieser Rechte erfolgt \u00fcber die Kontaktdaten am Ende dieser Datenschutzerkl\u00e4rung. Datensicherheit: Wir treffen technische und organisatorische Sicherheitsma\u00dfnahmen, um die personenbezogenen Daten zu sch\u00fctzen. Dabei achten wir insbesondere auf die Vertraulichkeit, Integrit\u00e4t und Verf\u00fcgbarkeit der Daten. Cookies: Wir setzen Cookies ein, um die Nutzung der Webseite zu erleichtern und zu verbessern. N\u00e4here Informationen dazu finden Sie in unserer Cookie-Richtlinie. \u00c4nderungen an der Datenschutzerkl\u00e4rung: Wir behalten uns vor, diese Datenschutzerkl\u00e4rung von Zeit zu Zeit anzupassen. Eine aktuelle Version ist stets auf unserer Webseite abrufbar. Kontakt F\u00fcr Fragen oder Anliegen zum Datenschutz k\u00f6nnen Sie uns per E-Mail unter\u00a0info@agnium.de\u00a0oder per Post unter der o.g. Adresse erreichen.<\/p>","protected":false},"author":1,"featured_media":0,"parent":0,"menu_order":0,"comment_status":"closed","ping_status":"closed","template":"","meta":{"ocean_post_layout":"full-width","ocean_both_sidebars_style":"","ocean_both_sidebars_content_width":0,"ocean_both_sidebars_sidebars_width":0,"ocean_sidebar":"0","ocean_second_sidebar":"0","ocean_disable_margins":"on","ocean_add_body_class":"","ocean_shortcode_before_top_bar":"","ocean_shortcode_after_top_bar":"","ocean_shortcode_before_header":"","ocean_shortcode_after_header":"","ocean_has_shortcode":"","ocean_shortcode_after_title":"","ocean_shortcode_before_footer_widgets":"","ocean_shortcode_after_footer_widgets":"","ocean_shortcode_before_footer_bottom":"","ocean_shortcode_after_footer_bottom":"","ocean_display_top_bar":"default","ocean_display_header":"default","ocean_header_style":"","ocean_center_header_left_menu":"0","ocean_custom_header_template":"0","ocean_custom_logo":0,"ocean_custom_retina_logo":0,"ocean_custom_logo_max_width":0,"ocean_custom_logo_tablet_max_width":0,"ocean_custom_logo_mobile_max_width":0,"ocean_custom_logo_max_height":0,"ocean_custom_logo_tablet_max_height":0,"ocean_custom_logo_mobile_max_height":0,"ocean_header_custom_menu":"0","ocean_menu_typo_font_family":"0","ocean_menu_typo_font_subset":"","ocean_menu_typo_font_size":0,"ocean_menu_typo_font_size_tablet":0,"ocean_menu_typo_font_size_mobile":0,"ocean_menu_typo_font_size_unit":"px","ocean_menu_typo_font_weight":"","ocean_menu_typo_font_weight_tablet":"","ocean_menu_typo_font_weight_mobile":"","ocean_menu_typo_transform":"","ocean_menu_typo_transform_tablet":"","ocean_menu_typo_transform_mobile":"","ocean_menu_typo_line_height":0,"ocean_menu_typo_line_height_tablet":0,"ocean_menu_typo_line_height_mobile":0,"ocean_menu_typo_line_height_unit":"","ocean_menu_typo_spacing":0,"ocean_menu_typo_spacing_tablet":0,"ocean_menu_typo_spacing_mobile":0,"ocean_menu_typo_spacing_unit":"","ocean_menu_link_color":"","ocean_menu_link_color_hover":"","ocean_menu_link_color_active":"","ocean_menu_link_background":"","ocean_menu_link_hover_background":"","ocean_menu_link_active_background":"","ocean_menu_social_links_bg":"","ocean_menu_social_hover_links_bg":"","ocean_menu_social_links_color":"","ocean_menu_social_hover_links_color":"","ocean_disable_title":"on","ocean_disable_heading":"default","ocean_post_title":"","ocean_post_subheading":"","ocean_post_title_style":"","ocean_post_title_background_color":"","ocean_post_title_background":0,"ocean_post_title_bg_image_position":"","ocean_post_title_bg_image_attachment":"","ocean_post_title_bg_image_repeat":"","ocean_post_title_bg_image_size":"","ocean_post_title_height":0,"ocean_post_title_bg_overlay":0.5,"ocean_post_title_bg_overlay_color":"","ocean_disable_breadcrumbs":"off","ocean_breadcrumbs_color":"","ocean_breadcrumbs_separator_color":"","ocean_breadcrumbs_links_color":"","ocean_breadcrumbs_links_hover_color":"","ocean_display_footer_widgets":"default","ocean_display_footer_bottom":"default","ocean_custom_footer_template":"0","footnotes":""},"class_list":["post-1837","page","type-page","status-publish","hentry","entry"],"_links":{"self":[{"href":"https:\/\/agnium.de\/en\/wp-json\/wp\/v2\/pages\/1837","targetHints":{"allow":["GET"]}}],"collection":[{"href":"https:\/\/agnium.de\/en\/wp-json\/wp\/v2\/pages"}],"about":[{"href":"https:\/\/agnium.de\/en\/wp-json\/wp\/v2\/types\/page"}],"author":[{"embeddable":true,"href":"https:\/\/agnium.de\/en\/wp-json\/wp\/v2\/users\/1"}],"replies":[{"embeddable":true,"href":"https:\/\/agnium.de\/en\/wp-json\/wp\/v2\/comments?post=1837"}],"version-history":[{"count":0,"href":"https:\/\/agnium.de\/en\/wp-json\/wp\/v2\/pages\/1837\/revisions"}],"wp:attachment":[{"href":"https:\/\/agnium.de\/en\/wp-json\/wp\/v2\/media?parent=1837"}],"curies":[{"name":"wp","href":"https:\/\/api.w.org\/{rel}","templated":true}]}}