{"id":1856,"date":"2025-09-13T15:44:53","date_gmt":"2025-09-13T15:44:53","guid":{"rendered":"https:\/\/agnium.de\/?page_id=1856"},"modified":"2025-09-13T16:15:16","modified_gmt":"2025-09-13T16:15:16","slug":"impressum","status":"publish","type":"page","link":"https:\/\/agnium.de\/en\/impressum\/","title":{"rendered":"IMPRESSUM"},"content":{"rendered":"<div data-elementor-type=\"wp-page\" data-elementor-id=\"1856\" class=\"elementor elementor-1856\">\n\t\t\t\t\t\t<section class=\"elementor-section elementor-top-section elementor-element elementor-element-1dec03c2 elementor-section-boxed elementor-section-height-default elementor-section-height-default wpr-particle-no wpr-jarallax-no wpr-parallax-no wpr-sticky-section-no\" data-id=\"1dec03c2\" data-element_type=\"section\">\n\t\t\t\t\t\t<div class=\"elementor-container elementor-column-gap-default\">\n\t\t\t\t\t<div class=\"elementor-column elementor-col-100 elementor-top-column elementor-element elementor-element-9898668\" data-id=\"9898668\" data-element_type=\"column\">\n\t\t\t<div class=\"elementor-widget-wrap elementor-element-populated\">\n\t\t\t\t\t\t<div class=\"elementor-element elementor-element-623d5ea7 main-heading_center elementor-widget elementor-widget-text-editor\" data-id=\"623d5ea7\" data-element_type=\"widget\" data-widget_type=\"text-editor.default\">\n\t\t\t\t<div class=\"elementor-widget-container\">\n\t\t\t\t\t\t\t\t\t<h2 class=\"emptyclass\">Imprint<\/h2>\t\t\t\t\t\t\t\t<\/div>\n\t\t\t\t<\/div>\n\t\t\t\t<div class=\"elementor-element elementor-element-5194fcae main-heading elementor-widget elementor-widget-text-editor\" data-id=\"5194fcae\" data-element_type=\"widget\" data-widget_type=\"text-editor.default\">\n\t\t\t\t<div class=\"elementor-widget-container\">\n\t\t\t\t\t\t\t\t\t<div class=\"s4\"><div class=\"x-el x-el-div c1-1 c1-2 c1-60 c1-6a c1-6b c1-6c c1-1x c1-23 c1-6d c1-6e c1-6f c1-b c1-c c1-74 c1-75 c1-76 c1-6g c1-6h c1-6i c1-6j c1-d c1-77 c1-78 c1-79 c1-e c1-f c1-g\" data-ux=\"GridCell\"><div class=\"x-el x-el-div x-el c1-1 c1-2 c1-15 c1-53 c1-4 c1-7a c1-13 c1-6m c1-7b c1-7c c1-b c1-c c1-7d c1-7e c1-d c1-e c1-f c1-g c1-1 c1-2 c1-b c1-c c1-d c1-e c1-f c1-g\" data-ux=\"ContentBasic\"><p>Agnium UG (limited liability)<\/p><div class=\"x-el c1-1 c1-2 c1-1q c1-1f c1-4r c1-16 c1-18 c1-7m c1-7n c1-7o c1-7p c1-7q c1-7r c1-7s c1-7t c1-7u c1-7v c1-7w c1-7x c1-7y c1-7z c1-80 c1-81 c1-82 c1-83 c1-84 c1-85 c1-86 c1-87 c1-88 c1-89 c1-8a c1-8b c1-8c c1-8d c1-6a c1-b c1-3n c1-c c1-43 c1-d c1-e c1-f c1-g x-rt\" data-ux=\"ContentText\" data-aid=\"SECTION_ADDRESS_REND\" data-typography=\"BodyAlpha\"><p>Rheinstrasse 96<\/p><p>56235 Ransbach-Baumbach<\/p><\/div><\/div><\/div><div class=\"x-el x-el-div c1-1 c1-2 c1-60 c1-6a c1-6b c1-6c c1-1x c1-23 c1-6d c1-6e c1-6f c1-b c1-c c1-74 c1-75 c1-76 c1-6g c1-6h c1-6i c1-6j c1-d c1-77 c1-78 c1-79 c1-e c1-f c1-g\" data-ux=\"GridCell\"><div class=\"x-el c1-1 c1-2 c1-1q c1-1f c1-4r c1-16 c1-18 c1-7m c1-7n c1-7o c1-7p c1-7q c1-7r c1-7s c1-7t c1-7u c1-7v c1-7w c1-7x c1-7y c1-7z c1-80 c1-81 c1-82 c1-83 c1-84 c1-85 c1-86 c1-87 c1-88 c1-89 c1-8a c1-8b c1-8c c1-8d c1-6m c1-b c1-3n c1-c c1-43 c1-d c1-e c1-f c1-g x-rt\" data-ux=\"ContentText\" data-aid=\"SECTION_BODY_REND\" data-typography=\"BodyAlpha\"><div><h3 class=\"x-el x-el-h4 c1-6w c1-6x c1-1q c1-1f c1-7f c1-19 c1-17 c1-16 c1-18 c1-b c1-1z c1-5s c1-43 c1-5v c1-5x c1-5y c1-5z\"><strong class=\"x-el x-el-span c1-1n c1-1o c1-b c1-7g c1-31 c1-7h c1-7i\">Imprint<\/strong><\/h3><\/div><p>Service provider and person responsible for content according to \u00a710 paragraph 3<br \/>MDSTV<br \/>Agnium UG (limited liability)<br \/>Rheinstra\u00dfe 96<br \/>56235, Ransbach-Baumbach<br \/>Phone: 02623 9698390<br \/><a class=\"x-el x-el-a c1-1n c1-1o c1-7l c1-1q c1-1f c1-1r c1-1s c1-6u c1-b c1-1z c1-20 c1-21 c1-22\" href=\"https:\/\/agnium.de\/en\/\" target=\"_blank\" rel=\"noopener\">www.agnium.de<\/a><br \/>USt-IdNr.: DE335422594<br \/>Amtsgericht Montabaur, HRB 27297<br \/>Managing Director:<br \/>Dr. Sergejs Nazarovs<br \/>Quality policy: available on request<\/p><div><h3 class=\"x-el x-el-h4 c1-6w c1-6x c1-1q c1-1f c1-7f c1-19 c1-17 c1-16 c1-18 c1-b c1-1z c1-5s c1-43 c1-5v c1-5x c1-5y c1-5z\"><strong class=\"x-el x-el-span c1-1n c1-1o c1-b c1-7g c1-31 c1-7h c1-7i\">1. References<\/strong>\u00a0<strong class=\"x-el x-el-span c1-1n c1-1o c1-b c1-7g c1-31 c1-7h c1-7i\">and links<\/strong><\/h3><\/div><p>In the case of direct or indirect references to external websites (\"links\") that lie outside the area of \u200b\u200bresponsibility of Agnium UG, liability would only come into force if Agnium UG had knowledge of the content and it would have been technically possible and reasonable for it to prevent use in the event of illegal content. Agnium UG hereby expressly declares that at the time the link was created, no illegal content was discernible on the linked pages. Agnium UG has no influence whatsoever on the current and future design, content, or authorship of the linked pages. Therefore, Agnium UG hereby expressly distances itself from all content of all linked pages that were changed after the link was created. This statement applies to all links within its own website.<br \/>and references as well as for third-party entries in guest books, discussion forums and mailing lists set up by Agnium UG.<\/p><p>For illegal, incorrect or incomplete content and in particular for damages resulting from the use or non-use of such information, the provider of the page to which reference was made is solely liable, not the person who merely refers to the respective publication via links.<\/p><div><h3 class=\"x-el x-el-h4 c1-6w c1-6x c1-1q c1-1f c1-7f c1-19 c1-17 c1-16 c1-18 c1-b c1-1z c1-5s c1-43 c1-5v c1-5x c1-5y c1-5z\"><strong class=\"x-el x-el-span c1-1n c1-1o c1-b c1-7g c1-31 c1-7h c1-7i\">2. Legal validity of this<\/strong>\u00a0<strong class=\"x-el x-el-span c1-1n c1-1o c1-b c1-7g c1-31 c1-7h c1-7i\">Disclaimer<\/strong><\/h3><\/div><p>This disclaimer is to be considered part of the website. Should sections or individual formulations of this text not, no longer, or not completely comply with applicable law, the content and validity of the remaining parts of the document remain unaffected.<\/p><div><h3 class=\"x-el x-el-h4 c1-6w c1-6x c1-1q c1-1f c1-7f c1-19 c1-17 c1-16 c1-18 c1-b c1-1z c1-5s c1-43 c1-5v c1-5x c1-5y c1-5z\"><strong class=\"x-el x-el-span c1-1n c1-1o c1-b c1-7g c1-31 c1-7h c1-7i\">Photo credits:<\/strong><\/h3><\/div><p><strong class=\"x-el x-el-span c1-1n c1-1o c1-b c1-7g c1-31 c1-7h c1-7i\">All product images:<\/strong>\u00a0Svitlana Kamenir<br \/><strong class=\"x-el x-el-span c1-1n c1-1o c1-b c1-7g c1-31 c1-7h c1-7i\">All product drawings:<\/strong>\u00a0Igor Korchak Design<\/p><\/div><\/div><\/div>\t\t\t\t\t\t\t\t<\/div>\n\t\t\t\t<\/div>\n\t\t\t\t\t<\/div>\n\t\t<\/div>\n\t\t\t\t\t<\/div>\n\t\t<\/section>\n\t\t\t\t<\/div>","protected":false},"excerpt":{"rendered":"<p>Impressum Agnium UG (haftungsbeschr\u00e4nkt) Rheinstrasse 96 56235 Ransbach-Baumbach Impressum Dienstanbieter und inhaltlich Verantwortlicher gem\u00e4\u00df \u00a710 Absatz 3MDSTVAgnium UG (haftungsbeschr\u00e4nkt)Rheinstra\u00dfe 9656235, Ransbach-BaumbachTelefon: 02623 9698390www.agnium.deUSt-IdNr.: DE335422594Amtsgericht Montabaur, HRB 27297Gesch\u00e4ftsf\u00fchrer:Dr. Sergejs NazarovsQualit\u00e4tspolitik: auf Anfrage erh\u00e4ltlich 1. Verweise\u00a0und Links Bei direkten oder indirekten Verweisen auf fremde Internetseiten (\u201eLinks\u201c), die au\u00dferhalb des Verantwortungsbereiches von Agnium UG liegen, w\u00fcrde eine Haftungsverpflichtung ausschlie\u00dflich in dem Fall in Kraft treten, in dem Agnium UG von den Inhalten Kenntnis hat und es ihr technisch m\u00f6glich und zumutbar w\u00e4re, die Nutzung im Falle rechtswidriger Inhalte zu verhindern. Agnium UG erkl\u00e4rt hiermit ausdr\u00fccklich, dass zum Zeitpunkt der Linksetzung keine illegalen Inhalte auf den zu verlinkenden Seiten erkennbar waren. Auf die aktuelle und zuk\u00fcnftige Gestaltung, die Inhalte oder die Urheberschaft der gelinkten\/verkn\u00fcpften Seiten hat Agnium UG keinerlei Einfluss. Deshalb distanziert sich Agnium UG hiermit ausdr\u00fccklich von allen Inhalten aller gelinkten \/ verkn\u00fcpften Seiten, die nach der Linksetzung ver\u00e4ndert wurden. Diese Feststellung gilt f\u00fcr alle innerhalb des eigenen Internetangebotes gesetzten Linksund Verweise sowie f\u00fcr Fremdeintr\u00e4ge in von Agnium UG eingerichteten G\u00e4steb\u00fcchern, Diskussionsforen und Mailinglisten. F\u00fcr illegale, fehlerhafte oder unvollst\u00e4ndige Inhalte und insbesondere f\u00fcr Sch\u00e4den, die aus der Nutzung oder Nichtnutzung solcherart dargebotener Informationen entstehen, haftet allein der Anbieter der Seite, auf welche verwiesen wurde, nicht derjenige, der \u00fcber Links auf die jeweilige Ver\u00f6ffentlichung lediglich verweist. 2. Rechtswirksamkeit dieses\u00a0Haftungsausschlusses Dieser Haftungsausschluss ist als Teil des Internetangebotes zu betrachten. Sofern Teile oder einzelne Formulierungen dieses Textes der geltenden Rechtslage nicht, nicht mehr oder nicht vollst\u00e4ndig entsprechen sollten, bleiben\u00a0 ie \u00fcbrigen Teile des Dokumentes in ihrem Inhalt und ihrer G\u00fcltigkeit davon unber\u00fchrt. Bildnachweis: Alle Produktbilder:\u00a0Svitlana KamenirAlle Produktzeichnungen:\u00a0Igor Korchak Design<\/p>","protected":false},"author":1,"featured_media":0,"parent":0,"menu_order":0,"comment_status":"closed","ping_status":"closed","template":"","meta":{"ocean_post_layout":"full-width","ocean_both_sidebars_style":"","ocean_both_sidebars_content_width":0,"ocean_both_sidebars_sidebars_width":0,"ocean_sidebar":"0","ocean_second_sidebar":"0","ocean_disable_margins":"on","ocean_add_body_class":"","ocean_shortcode_before_top_bar":"","ocean_shortcode_after_top_bar":"","ocean_shortcode_before_header":"","ocean_shortcode_after_header":"","ocean_has_shortcode":"","ocean_shortcode_after_title":"","ocean_shortcode_before_footer_widgets":"","ocean_shortcode_after_footer_widgets":"","ocean_shortcode_before_footer_bottom":"","ocean_shortcode_after_footer_bottom":"","ocean_display_top_bar":"default","ocean_display_header":"default","ocean_header_style":"","ocean_center_header_left_menu":"0","ocean_custom_header_template":"0","ocean_custom_logo":0,"ocean_custom_retina_logo":0,"ocean_custom_logo_max_width":0,"ocean_custom_logo_tablet_max_width":0,"ocean_custom_logo_mobile_max_width":0,"ocean_custom_logo_max_height":0,"ocean_custom_logo_tablet_max_height":0,"ocean_custom_logo_mobile_max_height":0,"ocean_header_custom_menu":"0","ocean_menu_typo_font_family":"0","ocean_menu_typo_font_subset":"","ocean_menu_typo_font_size":0,"ocean_menu_typo_font_size_tablet":0,"ocean_menu_typo_font_size_mobile":0,"ocean_menu_typo_font_size_unit":"px","ocean_menu_typo_font_weight":"","ocean_menu_typo_font_weight_tablet":"","ocean_menu_typo_font_weight_mobile":"","ocean_menu_typo_transform":"","ocean_menu_typo_transform_tablet":"","ocean_menu_typo_transform_mobile":"","ocean_menu_typo_line_height":0,"ocean_menu_typo_line_height_tablet":0,"ocean_menu_typo_line_height_mobile":0,"ocean_menu_typo_line_height_unit":"","ocean_menu_typo_spacing":0,"ocean_menu_typo_spacing_tablet":0,"ocean_menu_typo_spacing_mobile":0,"ocean_menu_typo_spacing_unit":"","ocean_menu_link_color":"","ocean_menu_link_color_hover":"","ocean_menu_link_color_active":"","ocean_menu_link_background":"","ocean_menu_link_hover_background":"","ocean_menu_link_active_background":"","ocean_menu_social_links_bg":"","ocean_menu_social_hover_links_bg":"","ocean_menu_social_links_color":"","ocean_menu_social_hover_links_color":"","ocean_disable_title":"on","ocean_disable_heading":"default","ocean_post_title":"","ocean_post_subheading":"","ocean_post_title_style":"","ocean_post_title_background_color":"","ocean_post_title_background":0,"ocean_post_title_bg_image_position":"","ocean_post_title_bg_image_attachment":"","ocean_post_title_bg_image_repeat":"","ocean_post_title_bg_image_size":"","ocean_post_title_height":0,"ocean_post_title_bg_overlay":0.5,"ocean_post_title_bg_overlay_color":"","ocean_disable_breadcrumbs":"off","ocean_breadcrumbs_color":"","ocean_breadcrumbs_separator_color":"","ocean_breadcrumbs_links_color":"","ocean_breadcrumbs_links_hover_color":"","ocean_display_footer_widgets":"default","ocean_display_footer_bottom":"default","ocean_custom_footer_template":"0","footnotes":""},"class_list":["post-1856","page","type-page","status-publish","hentry","entry"],"_links":{"self":[{"href":"https:\/\/agnium.de\/en\/wp-json\/wp\/v2\/pages\/1856","targetHints":{"allow":["GET"]}}],"collection":[{"href":"https:\/\/agnium.de\/en\/wp-json\/wp\/v2\/pages"}],"about":[{"href":"https:\/\/agnium.de\/en\/wp-json\/wp\/v2\/types\/page"}],"author":[{"embeddable":true,"href":"https:\/\/agnium.de\/en\/wp-json\/wp\/v2\/users\/1"}],"replies":[{"embeddable":true,"href":"https:\/\/agnium.de\/en\/wp-json\/wp\/v2\/comments?post=1856"}],"version-history":[{"count":0,"href":"https:\/\/agnium.de\/en\/wp-json\/wp\/v2\/pages\/1856\/revisions"}],"wp:attachment":[{"href":"https:\/\/agnium.de\/en\/wp-json\/wp\/v2\/media?parent=1856"}],"curies":[{"name":"wp","href":"https:\/\/api.w.org\/{rel}","templated":true}]}}