{"id":466,"date":"2025-06-25T13:42:53","date_gmt":"2025-06-25T13:42:53","guid":{"rendered":"https:\/\/agnium.de\/?page_id=466"},"modified":"2025-09-13T14:33:50","modified_gmt":"2025-09-13T14:33:50","slug":"uber-uns","status":"publish","type":"page","link":"https:\/\/agnium.de\/en\/uber-uns\/","title":{"rendered":"About us"},"content":{"rendered":"<div data-elementor-type=\"wp-page\" data-elementor-id=\"466\" class=\"elementor elementor-466\">\n\t\t\t\t\t\t<section class=\"elementor-section elementor-top-section elementor-element elementor-element-7df83b6e hero-section elementor-section-boxed elementor-section-height-default elementor-section-height-default wpr-particle-no wpr-jarallax-no wpr-parallax-no wpr-sticky-section-no\" data-id=\"7df83b6e\" data-element_type=\"section\" data-settings=\"{&quot;background_background&quot;:&quot;classic&quot;}\">\n\t\t\t\t\t\t\t<div class=\"elementor-background-overlay\"><\/div>\n\t\t\t\t\t\t\t<div class=\"elementor-container elementor-column-gap-default\">\n\t\t\t\t\t<div class=\"elementor-column elementor-col-100 elementor-top-column elementor-element elementor-element-2a9aae21\" data-id=\"2a9aae21\" data-element_type=\"column\">\n\t\t\t<div class=\"elementor-widget-wrap elementor-element-populated\">\n\t\t\t\t\t\t<div class=\"elementor-element elementor-element-55e9cce2 main-heading elementor-widget elementor-widget-text-editor\" data-id=\"55e9cce2\" data-element_type=\"widget\" data-widget_type=\"text-editor.default\">\n\t\t\t\t<div class=\"elementor-widget-container\">\n\t\t\t\t\t\t\t\t\t<h2 class=\"emptyclass\">AGNIUM UG IS A FAMILY BUSINESS<\/h2>\t\t\t\t\t\t\t\t<\/div>\n\t\t\t\t<\/div>\n\t\t\t\t<div class=\"elementor-element elementor-element-1de389ba elementor-widget elementor-widget-text-editor\" data-id=\"1de389ba\" data-element_type=\"widget\" data-widget_type=\"text-editor.default\">\n\t\t\t\t<div class=\"elementor-widget-container\">\n\t\t\t\t\t\t\t\t\t<p>We have great confidence and a strong interest in exploring technological innovations<\/p><p>Our goal is to bridge the gap between cutting-edge technology and practical application, making it accessible and beneficial for everyone<\/p><p>We strive to provide user-friendly solutions that enable our customers to leverage these advances for maximum benefit and efficiency<\/p>\t\t\t\t\t\t\t\t<\/div>\n\t\t\t\t<\/div>\n\t\t\t\t<div class=\"elementor-element elementor-element-6d3f8b93 main-btn elementor-widget elementor-widget-button\" data-id=\"6d3f8b93\" data-element_type=\"widget\" data-widget_type=\"button.default\">\n\t\t\t\t<div class=\"elementor-widget-container\">\n\t\t\t\t\t\t\t\t\t<div class=\"elementor-button-wrapper\">\n\t\t\t\t\t<a class=\"elementor-button elementor-button-link elementor-size-sm elementor-animation-grow\" href=\"#dr-nazarovs\">\n\t\t\t\t\t\t<span class=\"elementor-button-content-wrapper\">\n\t\t\t\t\t\t\t\t\t<span class=\"elementor-button-text\">Explore  more<\/span>\n\t\t\t\t\t<\/span>\n\t\t\t\t\t<\/a>\n\t\t\t\t<\/div>\n\t\t\t\t\t\t\t\t<\/div>\n\t\t\t\t<\/div>\n\t\t\t\t\t<\/div>\n\t\t<\/div>\n\t\t\t\t\t<\/div>\n\t\t<\/section>\n\t\t\t\t<section class=\"elementor-section elementor-top-section elementor-element elementor-element-c313849 uber-uns elementor-section-boxed elementor-section-height-default elementor-section-height-default wpr-particle-no wpr-jarallax-no wpr-parallax-no wpr-sticky-section-no\" data-id=\"c313849\" data-element_type=\"section\" id=\"dr-nazarovs\">\n\t\t\t\t\t\t<div class=\"elementor-container elementor-column-gap-default\">\n\t\t\t\t\t<div class=\"elementor-column elementor-col-100 elementor-top-column elementor-element elementor-element-5e8e6b25\" data-id=\"5e8e6b25\" data-element_type=\"column\">\n\t\t\t<div class=\"elementor-widget-wrap elementor-element-populated\">\n\t\t\t\t\t\t<div class=\"elementor-element elementor-element-6b303fc5 main-heading_center elementor-widget elementor-widget-text-editor\" data-id=\"6b303fc5\" data-element_type=\"widget\" data-widget_type=\"text-editor.default\">\n\t\t\t\t<div class=\"elementor-widget-container\">\n\t\t\t\t\t\t\t\t\t<h2 class=\"emptyclass\">Dr. Sergejs Nazarovs<\/h2>\t\t\t\t\t\t\t\t<\/div>\n\t\t\t\t<\/div>\n\t\t\t\t<section class=\"elementor-section elementor-inner-section elementor-element elementor-element-f25f3cb elementor-section-boxed elementor-section-height-default elementor-section-height-default wpr-particle-no wpr-jarallax-no wpr-parallax-no wpr-sticky-section-no\" data-id=\"f25f3cb\" data-element_type=\"section\">\n\t\t\t\t\t\t<div class=\"elementor-container elementor-column-gap-default\">\n\t\t\t\t\t<div class=\"elementor-column elementor-col-50 elementor-inner-column elementor-element elementor-element-1563f706\" data-id=\"1563f706\" data-element_type=\"column\">\n\t\t\t<div class=\"elementor-widget-wrap elementor-element-populated\">\n\t\t\t\t\t\t<div class=\"elementor-element elementor-element-4c82aa8d elementor-widget elementor-widget-image\" data-id=\"4c82aa8d\" data-element_type=\"widget\" data-widget_type=\"image.default\">\n\t\t\t\t<div class=\"elementor-widget-container\">\n\t\t\t\t\t\t\t\t\t\t\t\t\t\t\t<img fetchpriority=\"high\" decoding=\"async\" width=\"730\" height=\"730\" src=\"https:\/\/agnium.de\/wp-content\/uploads\/2025\/06\/tech-image.webp\" class=\"attachment-full size-full wp-image-473\" alt=\"\" srcset=\"https:\/\/agnium.de\/wp-content\/uploads\/2025\/06\/tech-image.webp 730w, https:\/\/agnium.de\/wp-content\/uploads\/2025\/06\/tech-image-300x300.webp 300w, https:\/\/agnium.de\/wp-content\/uploads\/2025\/06\/tech-image-150x150.webp 150w, https:\/\/agnium.de\/wp-content\/uploads\/2025\/06\/tech-image-600x600.webp 600w\" sizes=\"(max-width: 730px) 100vw, 730px\" \/>\t\t\t\t\t\t\t\t\t\t\t\t\t\t\t<\/div>\n\t\t\t\t<\/div>\n\t\t\t\t\t<\/div>\n\t\t<\/div>\n\t\t\t\t<div class=\"elementor-column elementor-col-50 elementor-inner-column elementor-element elementor-element-7c3a47e7\" data-id=\"7c3a47e7\" data-element_type=\"column\">\n\t\t\t<div class=\"elementor-widget-wrap elementor-element-populated\">\n\t\t\t\t\t\t<div class=\"elementor-element elementor-element-7ab3e13 main-heading elementor-widget elementor-widget-text-editor\" data-id=\"7ab3e13\" data-element_type=\"widget\" data-widget_type=\"text-editor.default\">\n\t\t\t\t<div class=\"elementor-widget-container\">\n\t\t\t\t\t\t\t\t\t<p>In our family business, Sergei Nazarov embodies brilliant work as a founder, inventor, engineer, and leading mind, whose innovative visions contribute significantly to the success of our company.<\/p><p>Managing Director<\/p><p>Dr. Sergei Nazarov \u2013 A visionary and experienced expert in the field of manufacturing laboratory and industrial water treatment systems, controllers for laboratory equipment, and automated production lines. For over two decades, he has dedicated himself to developing and implementing innovative technologies to provide companies worldwide with access to high-quality water and automated production processes.<\/p><p>At the beginning of his professional career, Dr. Nazarov focused on the creation of pure water systems for laboratory use. His unique developments quickly gained customer trust due to their outstanding efficiency and reliability. He subsequently expanded his field of activity, introducing industrial water treatment systems and automated disinfectant production lines to the market.<\/p>\t\t\t\t\t\t\t\t<\/div>\n\t\t\t\t<\/div>\n\t\t\t\t<div class=\"elementor-element elementor-element-19f414ff wpr-button-icon-b-position-left wpr-button-icon-a-position-left elementor-widget elementor-widget-wpr-dual-button\" data-id=\"19f414ff\" data-element_type=\"widget\" data-widget_type=\"wpr-dual-button.default\">\n\t\t\t\t<div class=\"elementor-widget-container\">\n\t\t\t\t\t\t\n\t<div class=\"wpr-dual-button\">\n\t\t\t\t\n\t\t\n\t\t<div class=\"wpr-button-a-wrap elementor-clearfix\">\n\t\t<a class=\"wpr-button-a wpr-button-effect wpr-button-none\" data-text=\"Go 1\" href=\"#link\">\n\t\t\t\n\t\t\t<span class=\"wpr-button-content-a\">\n\t\t\t\t\t\t\t\t\t<span class=\"wpr-button-text-a\">Learn more<\/span>\n\t\t\t\t\t\t\t\t\n\t\t\t\t\t\t\t<\/span>\n\t\t<\/a>\n\n\t\t\n\t\t\n\t\t<\/div>\n\n\t\t\n\t\t\t\t\t\n\t\t\n\t\t<div class=\"wpr-button-b-wrap elementor-clearfix\">\n\t\t<a class=\"wpr-button-b wpr-button-effect wpr-button-none\" data-text=\"Go\" href=\"#\">\n\t\t\t\n\t\t\t<span class=\"wpr-button-content-b\">\n\t\t\t\t\t\t\t\t\t<span class=\"wpr-button-text-b\">Agnium<\/span>\n\t\t\t\t\t\t\t\t\n\t\t\t\t\t\t\t\t\t<span class=\"wpr-button-icon-b\"><svg class=\"e-font-icon-svg e-fab-instagram\" viewbox=\"0 0 448 512\" xmlns=\"http:\/\/www.w3.org\/2000\/svg\"><path d=\"M224.1 141c-63.6 0-114.9 51.3-114.9 114.9s51.3 114.9 114.9 114.9S339 319.5 339 255.9 287.7 141 224.1 141zm0 189.6c-41.1 0-74.7-33.5-74.7-74.7s33.5-74.7 74.7-74.7 74.7 33.5 74.7 74.7-33.6 74.7-74.7 74.7zm146.4-194.3c0 14.9-12 26.8-26.8 26.8-14.9 0-26.8-12-26.8-26.8s12-26.8 26.8-26.8 26.8 12 26.8 26.8zm76.1 27.2c-1.7-35.9-9.9-67.7-36.2-93.9-26.2-26.2-58-34.4-93.9-36.2-37-2.1-147.9-2.1-184.9 0-35.8 1.7-67.6 9.9-93.9 36.1s-34.4 58-36.2 93.9c-2.1 37-2.1 147.9 0 184.9 1.7 35.9 9.9 67.7 36.2 93.9s58 34.4 93.9 36.2c37 2.1 147.9 2.1 184.9 0 35.9-1.7 67.7-9.9 93.9-36.2 26.2-26.2 34.4-58 36.2-93.9 2.1-37 2.1-147.8 0-184.8zM398.8 388c-7.8 19.6-22.9 34.7-42.6 42.6-29.5 11.7-99.5 9-132.1 9s-102.7 2.6-132.1-9c-19.6-7.8-34.7-22.9-42.6-42.6-11.7-29.5-9-99.5-9-132.1s-2.6-102.7 9-132.1c7.8-19.6 22.9-34.7 42.6-42.6 29.5-11.7 99.5-9 132.1-9s102.7-2.6 132.1 9c19.6 7.8 34.7 22.9 42.6 42.6 11.7 29.5 9 99.5 9 132.1s2.7 102.7-9 132.1z\"><\/path><\/svg><\/span>\n\t\t\t\t\t\t\t<\/span>\n\t\t<\/a>\n\n\t\t\t\t<\/div>\n\t\n\t\t\t<\/div>\n\t\t\t\t\t<\/div>\n\t\t\t\t<\/div>\n\t\t\t\t\t<\/div>\n\t\t<\/div>\n\t\t\t\t\t<\/div>\n\t\t<\/section>\n\t\t\t\t\t<\/div>\n\t\t<\/div>\n\t\t\t\t\t<\/div>\n\t\t<\/section>\n\t\t\t\t<section class=\"elementor-section elementor-top-section elementor-element elementor-element-5376d498 elementor-section-full_width elementor-section-stretched elementor-section-height-default elementor-section-height-default wpr-particle-no wpr-jarallax-no wpr-parallax-no wpr-sticky-section-no\" data-id=\"5376d498\" data-element_type=\"section\" data-settings=\"{&quot;stretch_section&quot;:&quot;section-stretched&quot;,&quot;background_background&quot;:&quot;classic&quot;,&quot;shape_divider_top&quot;:&quot;curve&quot;,&quot;shape_divider_top_negative&quot;:&quot;yes&quot;}\">\n\t\t\t\t\t<div class=\"elementor-shape elementor-shape-top\" aria-hidden=\"true\" data-negative=\"true\">\n\t\t\t<svg xmlns=\"http:\/\/www.w3.org\/2000\/svg\" viewbox=\"0 0 1000 100\" preserveaspectratio=\"none\">\n\t<path class=\"elementor-shape-fill\" d=\"M500,97C126.7,96.3,0.8,19.8,0,0v100l1000,0V1C1000,19.4,873.3,97.8,500,97z\"\/>\n<\/svg>\t\t<\/div>\n\t\t\t\t\t<div class=\"elementor-container elementor-column-gap-default\">\n\t\t\t\t\t<div class=\"elementor-column elementor-col-100 elementor-top-column elementor-element elementor-element-318001fe\" data-id=\"318001fe\" data-element_type=\"column\">\n\t\t\t<div class=\"elementor-widget-wrap elementor-element-populated\">\n\t\t\t\t\t\t<div class=\"elementor-element elementor-element-1b5499b9 main-heading_center elementor-widget elementor-widget-text-editor\" data-id=\"1b5499b9\" data-element_type=\"widget\" data-widget_type=\"text-editor.default\">\n\t\t\t\t<div class=\"elementor-widget-container\">\n\t\t\t\t\t\t\t\t\t<h2 class=\"emptyclass\">Technology, leadership and the future \u2013 our path<\/h2>\t\t\t\t\t\t\t\t<\/div>\n\t\t\t\t<\/div>\n\t\t\t\t<section class=\"elementor-section elementor-inner-section elementor-element elementor-element-ac964f5 elementor-section-boxed elementor-section-height-default elementor-section-height-default wpr-particle-no wpr-jarallax-no wpr-parallax-no wpr-sticky-section-no\" data-id=\"ac964f5\" data-element_type=\"section\">\n\t\t\t\t\t\t<div class=\"elementor-container elementor-column-gap-default\">\n\t\t\t\t\t<div class=\"elementor-column elementor-col-50 elementor-inner-column elementor-element elementor-element-c99e3f2\" data-id=\"c99e3f2\" data-element_type=\"column\">\n\t\t\t<div class=\"elementor-widget-wrap elementor-element-populated\">\n\t\t\t\t\t\t<div class=\"elementor-element elementor-element-74368df6 main-heading elementor-widget elementor-widget-text-editor\" data-id=\"74368df6\" data-element_type=\"widget\" data-widget_type=\"text-editor.default\">\n\t\t\t\t<div class=\"elementor-widget-container\">\n\t\t\t\t\t\t\t\t\t<p>Today, Agnium water treatment systems are an indispensable part of laboratory and industrial processes, ensuring an uninterrupted, high-quality supply of purified water.<\/p><p>The innovative technologies developed by Dr. Nazarov have made Agnium a reliable provider in the field of water treatment.<br \/>Agnium's controllers, also developed and introduced by Dr. Nazarov, are reliable and advanced solutions used by manufacturers worldwide. Their high efficiency and ease of use make them indispensable in automated laboratory equipment and production lines.<br \/>Sergei Nazarov continues to lead Agnium, striving for continuous improvement and innovation in the field of water treatment and production automation.<\/p><p>His strategic vision and technical brilliance continue to contribute to Agnium's recognition as a reliable partner in high-quality water and modern technologies across various industries.<\/p>\t\t\t\t\t\t\t\t<\/div>\n\t\t\t\t<\/div>\n\t\t\t\t\t<\/div>\n\t\t<\/div>\n\t\t\t\t<div class=\"elementor-column elementor-col-50 elementor-inner-column elementor-element elementor-element-55fe791\" data-id=\"55fe791\" data-element_type=\"column\">\n\t\t\t<div class=\"elementor-widget-wrap elementor-element-populated\">\n\t\t\t\t\t\t<div class=\"elementor-element elementor-element-5af58e9 elementor-widget elementor-widget-image\" data-id=\"5af58e9\" data-element_type=\"widget\" data-widget_type=\"image.default\">\n\t\t\t\t<div class=\"elementor-widget-container\">\n\t\t\t\t\t\t\t\t\t\t\t\t\t\t\t<img decoding=\"async\" width=\"730\" height=\"730\" src=\"https:\/\/agnium.de\/wp-content\/uploads\/2025\/06\/tech-image1.webp\" class=\"attachment-full size-full wp-image-474\" alt=\"\" srcset=\"https:\/\/agnium.de\/wp-content\/uploads\/2025\/06\/tech-image1.webp 730w, https:\/\/agnium.de\/wp-content\/uploads\/2025\/06\/tech-image1-300x300.webp 300w, https:\/\/agnium.de\/wp-content\/uploads\/2025\/06\/tech-image1-150x150.webp 150w, https:\/\/agnium.de\/wp-content\/uploads\/2025\/06\/tech-image1-600x600.webp 600w\" sizes=\"(max-width: 730px) 100vw, 730px\" \/>\t\t\t\t\t\t\t\t\t\t\t\t\t\t\t<\/div>\n\t\t\t\t<\/div>\n\t\t\t\t\t<\/div>\n\t\t<\/div>\n\t\t\t\t\t<\/div>\n\t\t<\/section>\n\t\t\t\t\t<\/div>\n\t\t<\/div>\n\t\t\t\t\t<\/div>\n\t\t<\/section>\n\t\t\t\t<section class=\"elementor-section elementor-top-section elementor-element elementor-element-2f1f353b elementor-section-boxed elementor-section-height-default elementor-section-height-default wpr-particle-no wpr-jarallax-no wpr-parallax-no wpr-sticky-section-no\" data-id=\"2f1f353b\" data-element_type=\"section\" data-settings=\"{&quot;background_background&quot;:&quot;classic&quot;}\">\n\t\t\t\t\t\t\t<div class=\"elementor-background-overlay\"><\/div>\n\t\t\t\t\t\t\t<div class=\"elementor-container elementor-column-gap-default\">\n\t\t\t\t\t<div class=\"elementor-column elementor-col-100 elementor-top-column elementor-element elementor-element-7d385b8e\" data-id=\"7d385b8e\" data-element_type=\"column\">\n\t\t\t<div class=\"elementor-widget-wrap elementor-element-populated\">\n\t\t\t\t\t\t<div class=\"elementor-element elementor-element-3bf5fca7 elementor-widget elementor-widget-text-editor\" data-id=\"3bf5fca7\" data-element_type=\"widget\" data-widget_type=\"text-editor.default\">\n\t\t\t\t<div class=\"elementor-widget-container\">\n\t\t\t\t\t\t\t\t\t<p>Didn\u2019t find the exact system you were looking for?<\/p>\t\t\t\t\t\t\t\t<\/div>\n\t\t\t\t<\/div>\n\t\t\t\t<section class=\"elementor-section elementor-inner-section elementor-element elementor-element-5d4ffd62 elementor-section-boxed elementor-section-height-default elementor-section-height-default wpr-particle-no wpr-jarallax-no wpr-parallax-no wpr-sticky-section-no\" data-id=\"5d4ffd62\" data-element_type=\"section\">\n\t\t\t\t\t\t<div class=\"elementor-container elementor-column-gap-default\">\n\t\t\t\t\t<div class=\"elementor-column elementor-col-50 elementor-inner-column elementor-element elementor-element-53533550\" data-id=\"53533550\" data-element_type=\"column\">\n\t\t\t<div class=\"elementor-widget-wrap elementor-element-populated\">\n\t\t\t\t\t\t<div class=\"elementor-element elementor-element-ae14d11 elementor-widget elementor-widget-text-editor\" data-id=\"ae14d11\" data-element_type=\"widget\" data-widget_type=\"text-editor.default\">\n\t\t\t\t<div class=\"elementor-widget-container\">\n\t\t\t\t\t\t\t\t\tOur best-sellers are just a selection of what we can offer. We provide a wide range of additional and tailor-made water purification solutions. Get in touch with us \u2014 our engineers will find and offer the solution, that perfectly matches your laboratory or industrial needs.\t\t\t\t\t\t\t\t<\/div>\n\t\t\t\t<\/div>\n\t\t\t\t\t<\/div>\n\t\t<\/div>\n\t\t\t\t<div class=\"elementor-column elementor-col-50 elementor-inner-column elementor-element elementor-element-ff4db1b\" data-id=\"ff4db1b\" data-element_type=\"column\">\n\t\t\t<div class=\"elementor-widget-wrap elementor-element-populated\">\n\t\t\t\t\t\t<div class=\"elementor-element elementor-element-3a8cba6b elementor-align-center elementor-widget elementor-widget-button\" data-id=\"3a8cba6b\" data-element_type=\"widget\" data-widget_type=\"button.default\">\n\t\t\t\t<div class=\"elementor-widget-container\">\n\t\t\t\t\t\t\t\t\t<div class=\"elementor-button-wrapper\">\n\t\t\t\t\t<a class=\"elementor-button elementor-button-link elementor-size-sm\" href=\"https:\/\/agnium.de\/en\/kontaktiere-uns\/\">\n\t\t\t\t\t\t<span class=\"elementor-button-content-wrapper\">\n\t\t\t\t\t\t<span class=\"elementor-button-icon\">\n\t\t\t\t<svg aria-hidden=\"true\" class=\"e-font-icon-svg e-fas-angle-right\" viewbox=\"0 0 256 512\" xmlns=\"http:\/\/www.w3.org\/2000\/svg\"><path d=\"M224.3 273l-136 136c-9.4 9.4-24.6 9.4-33.9 0l-22.6-22.6c-9.4-9.4-9.4-24.6 0-33.9l96.4-96.4-96.4-96.4c-9.4-9.4-9.4-24.6 0-33.9L54.3 103c9.4-9.4 24.6-9.4 33.9 0l136 136c9.5 9.4 9.5 24.6.1 34z\"><\/path><\/svg>\t\t\t<\/span>\n\t\t\t\t\t\t\t\t\t<span class=\"elementor-button-text\">Contact us<\/span>\n\t\t\t\t\t<\/span>\n\t\t\t\t\t<\/a>\n\t\t\t\t<\/div>\n\t\t\t\t\t\t\t\t<\/div>\n\t\t\t\t<\/div>\n\t\t\t\t\t<\/div>\n\t\t<\/div>\n\t\t\t\t\t<\/div>\n\t\t<\/section>\n\t\t\t\t\t<\/div>\n\t\t<\/div>\n\t\t\t\t\t<\/div>\n\t\t<\/section>\n\t\t\t\t<\/div>","protected":false},"excerpt":{"rendered":"<p>AGNIUM UG IST EIN FAMILIENUNTERNEHMEN Wir haben gro\u00dfes Vertrauen und ein starkes Interesse daran, technologische Innovationen zu erforschen Unser Ziel ist es, die L\u00fccke zwischen Spitzentechnologie Praktischer Anwendung zu schlie\u00dfen und sie f\u00fcr alle zug\u00e4nglich und vorteilhaft zu machen Wir sind bestrebt, benutzerfreundliche L\u00f6sungen bereitzustellen, die es unseren Kunden erm\u00f6glichen, diese Fortschritte f\u00fcr maximalen Nutzen und maximale Effizienz zu nutzen Erkunde mehr Dr. Sergejs Nazarovs In unserem Familienunternehmen verk\u00f6rpert Sergei Nazarov brillantes Schaffen als Gr\u00fcnder, Erfinder, Ingenieur und f\u00fchrender Kopf, dessen innovative Visionen ma\u00dfgeblich zum Erfolg unseres Unternehmens beitragen. Gesch\u00e4ftsf\u00fchrer Dr. Sergei Nazarov \u2013 Vision\u00e4r und erfahrener Experte im Bereich der Herstellung von Labor- und Industriesystemen zur Wasseraufbereitung, Controllern f\u00fcr Laborger\u00e4te und automatisierten Produktionslinien. Seit \u00fcber zwei Jahrzehnten hat er sich der Entwicklung und Implementierung innovativer Technologien verschrieben, um Unternehmen weltweit den Zugang zu hochwertigem Wasser und automatisierten Produktionsprozessen zu erm\u00f6glichen. Zu Beginn seiner beruflichen Laufbahn konzentrierte sich Dr. Nazarov auf die Schaffung von Reinwassersystemen f\u00fcr den laborgebundenen Einsatz. Seine einzigartigen Entwicklungen gewannen schnell das Vertrauen der Kunden aufgrund ihrer herausragenden Effizienz und Zuverl\u00e4ssigkeit. In der Folge erweiterte er sein T\u00e4tigkeitsfeld und pr\u00e4sentierte auf dem Markt industrielle Wasseraufbereitungssysteme sowie automatisierte Produktionslinien f\u00fcr Desinfektionsmittel. Erfahren Sie mehr Agnium Technologie, F\u00fchrung und Zukunft \u2013 unser Weg Heute sind die Wasseraufbereitungssysteme von Agnium ein unverzichtbarer Bestandteil von Labor- und Industrieprozessen und gew\u00e4hrleisten eine unterbrechungsfreie und qualitativ hochwertige Versorgung mit gereinigtem Wasser. Die von Dr. Nazarov entwickelten innovativen Technologien haben Agnium zu einem zuverl\u00e4ssigen Anbieter auf dem Gebiet der Wasseraufbereitung gemacht.Die Controller von Agnium, ebenso von Dr. Nazarov entwickelt und eingef\u00fchrt, sind zuverl\u00e4ssige und fortschrittliche L\u00f6sungen, die weltweit von Herstellern eingesetzt werden. Ihre hohe Effizienz und einfache Handhabung machen sie in automatisierten Laborger\u00e4ten und Produktionslinien unersetzlich.Sergei Nazarov leitet weiterhin die Geschicke von Agnium und strebt nach kontinuierlicher Verbesserung und Innovation auf dem Gebiet der Wasseraufbereitung und Automatisierung der Produktion. Seine strategische Vision und technische Brillanz tragen weiterhin dazu bei, dass Agnium als verl\u00e4sslicher Partner in den Bereichen hochwertiges Wasser und moderne Technologien in verschiedenen Branchen anerkannt wird. Sie haben das gew\u00fcnschte System nicht gefunden? Unsere Bestseller sind nur ein Teil dessen, was wir anbieten. Wir verf\u00fcgen \u00fcber eine breite Auswahl zus\u00e4tzlicher und ma\u00dfgeschneiderter L\u00f6sungen f\u00fcr die Wasseraufbereitung. Nehmen Sie Kontakt mit uns auf \u2013 unsere Ingenieure finden und bieten Ihnen die L\u00f6sung, die perfekt zu den Anforderungen Ihres Labors oder Ihrer Industrie passt. Kontaktiere uns<\/p>","protected":false},"author":1,"featured_media":0,"parent":0,"menu_order":0,"comment_status":"closed","ping_status":"closed","template":"","meta":{"ocean_post_layout":"full-width","ocean_both_sidebars_style":"","ocean_both_sidebars_content_width":0,"ocean_both_sidebars_sidebars_width":0,"ocean_sidebar":"0","ocean_second_sidebar":"0","ocean_disable_margins":"on","ocean_add_body_class":"","ocean_shortcode_before_top_bar":"","ocean_shortcode_after_top_bar":"","ocean_shortcode_before_header":"","ocean_shortcode_after_header":"","ocean_has_shortcode":"","ocean_shortcode_after_title":"","ocean_shortcode_before_footer_widgets":"","ocean_shortcode_after_footer_widgets":"","ocean_shortcode_before_footer_bottom":"","ocean_shortcode_after_footer_bottom":"","ocean_display_top_bar":"default","ocean_display_header":"default","ocean_header_style":"","ocean_center_header_left_menu":"0","ocean_custom_header_template":"0","ocean_custom_logo":0,"ocean_custom_retina_logo":0,"ocean_custom_logo_max_width":0,"ocean_custom_logo_tablet_max_width":0,"ocean_custom_logo_mobile_max_width":0,"ocean_custom_logo_max_height":0,"ocean_custom_logo_tablet_max_height":0,"ocean_custom_logo_mobile_max_height":0,"ocean_header_custom_menu":"0","ocean_menu_typo_font_family":"0","ocean_menu_typo_font_subset":"","ocean_menu_typo_font_size":0,"ocean_menu_typo_font_size_tablet":0,"ocean_menu_typo_font_size_mobile":0,"ocean_menu_typo_font_size_unit":"px","ocean_menu_typo_font_weight":"","ocean_menu_typo_font_weight_tablet":"","ocean_menu_typo_font_weight_mobile":"","ocean_menu_typo_transform":"","ocean_menu_typo_transform_tablet":"","ocean_menu_typo_transform_mobile":"","ocean_menu_typo_line_height":0,"ocean_menu_typo_line_height_tablet":0,"ocean_menu_typo_line_height_mobile":0,"ocean_menu_typo_line_height_unit":"","ocean_menu_typo_spacing":0,"ocean_menu_typo_spacing_tablet":0,"ocean_menu_typo_spacing_mobile":0,"ocean_menu_typo_spacing_unit":"","ocean_menu_link_color":"","ocean_menu_link_color_hover":"","ocean_menu_link_color_active":"","ocean_menu_link_background":"","ocean_menu_link_hover_background":"","ocean_menu_link_active_background":"","ocean_menu_social_links_bg":"","ocean_menu_social_hover_links_bg":"","ocean_menu_social_links_color":"","ocean_menu_social_hover_links_color":"","ocean_disable_title":"on","ocean_disable_heading":"default","ocean_post_title":"","ocean_post_subheading":"","ocean_post_title_style":"","ocean_post_title_background_color":"","ocean_post_title_background":0,"ocean_post_title_bg_image_position":"","ocean_post_title_bg_image_attachment":"","ocean_post_title_bg_image_repeat":"","ocean_post_title_bg_image_size":"","ocean_post_title_height":0,"ocean_post_title_bg_overlay":0.5,"ocean_post_title_bg_overlay_color":"","ocean_disable_breadcrumbs":"off","ocean_breadcrumbs_color":"","ocean_breadcrumbs_separator_color":"","ocean_breadcrumbs_links_color":"","ocean_breadcrumbs_links_hover_color":"","ocean_display_footer_widgets":"default","ocean_display_footer_bottom":"default","ocean_custom_footer_template":"0","footnotes":""},"class_list":["post-466","page","type-page","status-publish","hentry","entry"],"_links":{"self":[{"href":"https:\/\/agnium.de\/en\/wp-json\/wp\/v2\/pages\/466","targetHints":{"allow":["GET"]}}],"collection":[{"href":"https:\/\/agnium.de\/en\/wp-json\/wp\/v2\/pages"}],"about":[{"href":"https:\/\/agnium.de\/en\/wp-json\/wp\/v2\/types\/page"}],"author":[{"embeddable":true,"href":"https:\/\/agnium.de\/en\/wp-json\/wp\/v2\/users\/1"}],"replies":[{"embeddable":true,"href":"https:\/\/agnium.de\/en\/wp-json\/wp\/v2\/comments?post=466"}],"version-history":[{"count":0,"href":"https:\/\/agnium.de\/en\/wp-json\/wp\/v2\/pages\/466\/revisions"}],"wp:attachment":[{"href":"https:\/\/agnium.de\/en\/wp-json\/wp\/v2\/media?parent=466"}],"curies":[{"name":"wp","href":"https:\/\/api.w.org\/{rel}","templated":true}]}}