{"id":589,"date":"2025-06-27T13:41:24","date_gmt":"2025-06-27T13:41:24","guid":{"rendered":"https:\/\/agnium.de\/?page_id=589"},"modified":"2025-09-06T14:13:38","modified_gmt":"2025-09-06T14:13:38","slug":"software-und-steuerung","status":"publish","type":"page","link":"https:\/\/agnium.de\/en\/software-und-steuerung\/","title":{"rendered":"Software and control"},"content":{"rendered":"<div data-elementor-type=\"wp-page\" data-elementor-id=\"589\" class=\"elementor elementor-589\">\n\t\t\t\t\t\t<section class=\"elementor-section elementor-top-section elementor-element elementor-element-33d06223 hero-section elementor-section-boxed elementor-section-height-default elementor-section-height-default wpr-particle-no wpr-jarallax-no wpr-parallax-no wpr-sticky-section-no\" data-id=\"33d06223\" data-element_type=\"section\" data-settings=\"{&quot;background_background&quot;:&quot;classic&quot;}\">\n\t\t\t\t\t\t\t<div class=\"elementor-background-overlay\"><\/div>\n\t\t\t\t\t\t\t<div class=\"elementor-container elementor-column-gap-default\">\n\t\t\t\t\t<div class=\"elementor-column elementor-col-100 elementor-top-column elementor-element elementor-element-4aa5d671\" data-id=\"4aa5d671\" data-element_type=\"column\">\n\t\t\t<div class=\"elementor-widget-wrap elementor-element-populated\">\n\t\t\t\t\t\t<div class=\"elementor-element elementor-element-6c2a1b22 main-heading elementor-widget elementor-widget-text-editor\" data-id=\"6c2a1b22\" data-element_type=\"widget\" data-widget_type=\"text-editor.default\">\n\t\t\t\t<div class=\"elementor-widget-container\">\n\t\t\t\t\t\t\t\t\t<h2 class=\"emptyclass\">Software development and control<\/h2>\t\t\t\t\t\t\t\t<\/div>\n\t\t\t\t<\/div>\n\t\t\t\t<div class=\"elementor-element elementor-element-6bc82485 elementor-widget elementor-widget-text-editor\" data-id=\"6bc82485\" data-element_type=\"widget\" data-widget_type=\"text-editor.default\">\n\t\t\t\t<div class=\"elementor-widget-container\">\n\t\t\t\t\t\t\t\t\t<p>We develop intelligent control solutions and customized software for laboratory, industrial, and water treatment plants.<\/p><p>Our modules offer maximum reliability, easy integration, real-time monitoring, and user-friendly operation \u2013 all from a single source.<\/p>\t\t\t\t\t\t\t\t<\/div>\n\t\t\t\t<\/div>\n\t\t\t\t<div class=\"elementor-element elementor-element-2688552e main-btn elementor-widget elementor-widget-button\" data-id=\"2688552e\" data-element_type=\"widget\" data-widget_type=\"button.default\">\n\t\t\t\t<div class=\"elementor-widget-container\">\n\t\t\t\t\t\t\t\t\t<div class=\"elementor-button-wrapper\">\n\t\t\t\t\t<a class=\"elementor-button elementor-button-link elementor-size-sm elementor-animation-grow\" href=\"#software\">\n\t\t\t\t\t\t<span class=\"elementor-button-content-wrapper\">\n\t\t\t\t\t\t\t\t\t<span class=\"elementor-button-text\">Explore  more<\/span>\n\t\t\t\t\t<\/span>\n\t\t\t\t\t<\/a>\n\t\t\t\t<\/div>\n\t\t\t\t\t\t\t\t<\/div>\n\t\t\t\t<\/div>\n\t\t\t\t\t<\/div>\n\t\t<\/div>\n\t\t\t\t\t<\/div>\n\t\t<\/section>\n\t\t\t\t<section class=\"elementor-section elementor-top-section elementor-element elementor-element-52f8b1ff uber-uns elementor-section-boxed elementor-section-height-default elementor-section-height-default wpr-particle-no wpr-jarallax-no wpr-parallax-no wpr-sticky-section-no\" data-id=\"52f8b1ff\" data-element_type=\"section\" id=\"software\">\n\t\t\t\t\t\t<div class=\"elementor-container elementor-column-gap-default\">\n\t\t\t\t\t<div class=\"elementor-column elementor-col-100 elementor-top-column elementor-element elementor-element-eb6dd4\" data-id=\"eb6dd4\" data-element_type=\"column\">\n\t\t\t<div class=\"elementor-widget-wrap elementor-element-populated\">\n\t\t\t\t\t\t<section class=\"elementor-section elementor-inner-section elementor-element elementor-element-157823c elementor-section-boxed elementor-section-height-default elementor-section-height-default wpr-particle-no wpr-jarallax-no wpr-parallax-no wpr-sticky-section-no\" data-id=\"157823c\" data-element_type=\"section\">\n\t\t\t\t\t\t<div class=\"elementor-container elementor-column-gap-default\">\n\t\t\t\t\t<div class=\"elementor-column elementor-col-50 elementor-inner-column elementor-element elementor-element-75ebfcb9\" data-id=\"75ebfcb9\" data-element_type=\"column\">\n\t\t\t<div class=\"elementor-widget-wrap elementor-element-populated\">\n\t\t\t\t\t\t<div class=\"elementor-element elementor-element-629521ce main-heading_center elementor-widget elementor-widget-text-editor\" data-id=\"629521ce\" data-element_type=\"widget\" data-widget_type=\"text-editor.default\">\n\t\t\t\t<div class=\"elementor-widget-container\">\n\t\t\t\t\t\t\t\t\t<h2 class=\"emptyclass\">PCB and software development<\/h2>\t\t\t\t\t\t\t\t<\/div>\n\t\t\t\t<\/div>\n\t\t\t\t<div class=\"elementor-element elementor-element-665ab71d main-heading elementor-widget elementor-widget-text-editor\" data-id=\"665ab71d\" data-element_type=\"widget\" data-widget_type=\"text-editor.default\">\n\t\t\t\t<div class=\"elementor-widget-container\">\n\t\t\t\t\t\t\t\t\t<ul><li>We specialize in the development of control modules for laboratory and industrial equipment, monitoring and security systems, and also offer customized solutions for other applications.<\/li><li>Our goal is to provide you with cost-effective solutions with the highest quality and reliability. We value open and transparent communication and work closely with you to ensure our solutions meet your expectations.<\/li><\/ul>\t\t\t\t\t\t\t\t<\/div>\n\t\t\t\t<\/div>\n\t\t\t\t<div class=\"elementor-element elementor-element-4a335b6e main-btn elementor-widget elementor-widget-button\" data-id=\"4a335b6e\" data-element_type=\"widget\" data-widget_type=\"button.default\">\n\t\t\t\t<div class=\"elementor-widget-container\">\n\t\t\t\t\t\t\t\t\t<div class=\"elementor-button-wrapper\">\n\t\t\t\t\t<a class=\"elementor-button elementor-button-link elementor-size-sm elementor-animation-grow\" href=\"https:\/\/agnium.de\/en\/reinstwassersysteme\/\">\n\t\t\t\t\t\t<span class=\"elementor-button-content-wrapper\">\n\t\t\t\t\t\t\t\t\t<span class=\"elementor-button-text\"> Ultrapure water systems<\/span>\n\t\t\t\t\t<\/span>\n\t\t\t\t\t<\/a>\n\t\t\t\t<\/div>\n\t\t\t\t\t\t\t\t<\/div>\n\t\t\t\t<\/div>\n\t\t\t\t\t<\/div>\n\t\t<\/div>\n\t\t\t\t<div class=\"elementor-column elementor-col-50 elementor-inner-column elementor-element elementor-element-597dd3dc\" data-id=\"597dd3dc\" data-element_type=\"column\">\n\t\t\t<div class=\"elementor-widget-wrap elementor-element-populated\">\n\t\t\t\t\t\t<div class=\"elementor-element elementor-element-6c09d5b1 elementor-widget elementor-widget-image\" data-id=\"6c09d5b1\" data-element_type=\"widget\" data-widget_type=\"image.default\">\n\t\t\t\t<div class=\"elementor-widget-container\">\n\t\t\t\t\t\t\t\t\t\t\t\t\t\t\t<img fetchpriority=\"high\" decoding=\"async\" width=\"1024\" height=\"768\" src=\"https:\/\/agnium.de\/wp-content\/uploads\/2025\/06\/tech-screen.webp\" class=\"attachment-full size-full wp-image-498\" alt=\"\" srcset=\"https:\/\/agnium.de\/wp-content\/uploads\/2025\/06\/tech-screen.webp 1024w, https:\/\/agnium.de\/wp-content\/uploads\/2025\/06\/tech-screen-300x225.webp 300w, https:\/\/agnium.de\/wp-content\/uploads\/2025\/06\/tech-screen-768x576.webp 768w\" sizes=\"(max-width: 1024px) 100vw, 1024px\" \/>\t\t\t\t\t\t\t\t\t\t\t\t\t\t\t<\/div>\n\t\t\t\t<\/div>\n\t\t\t\t\t<\/div>\n\t\t<\/div>\n\t\t\t\t\t<\/div>\n\t\t<\/section>\n\t\t\t\t<section class=\"elementor-section elementor-inner-section elementor-element elementor-element-26486af8 elementor-section-boxed elementor-section-height-default elementor-section-height-default wpr-particle-no wpr-jarallax-no wpr-parallax-no wpr-sticky-section-no\" data-id=\"26486af8\" data-element_type=\"section\" data-settings=\"{&quot;background_background&quot;:&quot;classic&quot;}\">\n\t\t\t\t\t\t<div class=\"elementor-container elementor-column-gap-default\">\n\t\t\t\t\t<div class=\"elementor-column elementor-col-50 elementor-inner-column elementor-element elementor-element-3daa132\" data-id=\"3daa132\" data-element_type=\"column\">\n\t\t\t<div class=\"elementor-widget-wrap elementor-element-populated\">\n\t\t\t\t\t\t<div class=\"elementor-element elementor-element-7cc3c255 elementor-widget elementor-widget-image\" data-id=\"7cc3c255\" data-element_type=\"widget\" data-widget_type=\"image.default\">\n\t\t\t\t<div class=\"elementor-widget-container\">\n\t\t\t\t\t\t\t\t\t\t\t\t\t\t\t<img decoding=\"async\" width=\"1200\" height=\"597\" src=\"https:\/\/agnium.de\/wp-content\/uploads\/2025\/06\/rsw_1200cg_true.webp\" class=\"attachment-full size-full wp-image-609\" alt=\"\" srcset=\"https:\/\/agnium.de\/wp-content\/uploads\/2025\/06\/rsw_1200cg_true.webp 1200w, https:\/\/agnium.de\/wp-content\/uploads\/2025\/06\/rsw_1200cg_true-300x149.webp 300w, https:\/\/agnium.de\/wp-content\/uploads\/2025\/06\/rsw_1200cg_true-1024x509.webp 1024w, https:\/\/agnium.de\/wp-content\/uploads\/2025\/06\/rsw_1200cg_true-768x382.webp 768w\" sizes=\"(max-width: 1200px) 100vw, 1200px\" \/>\t\t\t\t\t\t\t\t\t\t\t\t\t\t\t<\/div>\n\t\t\t\t<\/div>\n\t\t\t\t\t<\/div>\n\t\t<\/div>\n\t\t\t\t<div class=\"elementor-column elementor-col-50 elementor-inner-column elementor-element elementor-element-2e97a2be\" data-id=\"2e97a2be\" data-element_type=\"column\">\n\t\t\t<div class=\"elementor-widget-wrap elementor-element-populated\">\n\t\t\t\t\t\t<div class=\"elementor-element elementor-element-15e78f7 main-heading_center elementor-widget elementor-widget-text-editor\" data-id=\"15e78f7\" data-element_type=\"widget\" data-widget_type=\"text-editor.default\">\n\t\t\t\t<div class=\"elementor-widget-container\">\n\t\t\t\t\t\t\t\t\t<h2 class=\"emptyclass\">Control for RO systems<\/h2>\t\t\t\t\t\t\t\t<\/div>\n\t\t\t\t<\/div>\n\t\t\t\t<div class=\"elementor-element elementor-element-579cbbf6 main-heading elementor-widget elementor-widget-text-editor\" data-id=\"579cbbf6\" data-element_type=\"widget\" data-widget_type=\"text-editor.default\">\n\t\t\t\t<div class=\"elementor-widget-container\">\n\t\t\t\t\t\t\t\t\t<ul><li>Our compact and affordable control module for RO systems is the ideal solution for monitoring and controlling your system. The module is plug-and-play and compatible with popular control modules like the OS3050, eliminating the need to modify the RO system's wiring diagram.<\/li><li>\u00a0Our control module features a Modbus TCP connection, allowing for easy integration into existing monitoring systems. This gives you the flexibility to monitor measured values \u200b\u200bin real time and integrate them into existing process control systems.\u00a0<\/li><li>Featuring a 7\" touchscreen display, our module offers a user-friendly interface for controlling all of its functions. It also features automatic alarm notification via email, providing you with instant updates on the status of your system. This allows you to respond quickly to issues and minimize costly downtime.<\/li><li>For even greater security, our module offers redundant operation to ensure your system is always running. It also features reliable data storage, giving you access to historical operating data at any time.<\/li><li>Our compact and affordable control module also provides detailed status reports with operating value curves, helping you closely monitor your plant's operation. This allows you to identify trends and patterns and quickly respond to changes to ensure optimal performance.<\/li><li>Invest in our compact and affordable control module for RO-EDI systems and enjoy the benefits of a reliable and powerful control solution for your system.<\/li><\/ul><p>\u00a0<\/p>\t\t\t\t\t\t\t\t<\/div>\n\t\t\t\t<\/div>\n\t\t\t\t\t<\/div>\n\t\t<\/div>\n\t\t\t\t\t<\/div>\n\t\t<\/section>\n\t\t\t\t<section class=\"elementor-section elementor-inner-section elementor-element elementor-element-6b7a66b elementor-section-boxed elementor-section-height-default elementor-section-height-default wpr-particle-no wpr-jarallax-no wpr-parallax-no wpr-sticky-section-no\" data-id=\"6b7a66b\" data-element_type=\"section\">\n\t\t\t\t\t\t<div class=\"elementor-container elementor-column-gap-default\">\n\t\t\t\t\t<div class=\"elementor-column elementor-col-50 elementor-inner-column elementor-element elementor-element-8ed651c\" data-id=\"8ed651c\" data-element_type=\"column\">\n\t\t\t<div class=\"elementor-widget-wrap elementor-element-populated\">\n\t\t\t\t\t\t<div class=\"elementor-element elementor-element-5a7cb77 main-heading_center elementor-widget elementor-widget-text-editor\" data-id=\"5a7cb77\" data-element_type=\"widget\" data-widget_type=\"text-editor.default\">\n\t\t\t\t<div class=\"elementor-widget-container\">\n\t\t\t\t\t\t\t\t\t<h2 class=\"emptyclass\">Control for RO-EDI systems<\/h2>\t\t\t\t\t\t\t\t<\/div>\n\t\t\t\t<\/div>\n\t\t\t\t<div class=\"elementor-element elementor-element-309605c main-heading elementor-widget elementor-widget-text-editor\" data-id=\"309605c\" data-element_type=\"widget\" data-widget_type=\"text-editor.default\">\n\t\t\t\t<div class=\"elementor-widget-container\">\n\t\t\t\t\t\t\t\t\t<ul>\n \t<li>Our control module for RO-EDI systems is a powerful solution for monitoring and controlling your system. With a 10\" touchscreen display, you have a user-friendly interface for controlling all the module's functions.<\/li>\n \t<li>Our control module features a Modbus TCP connection, allowing for easy integration into existing monitoring systems. This gives you the flexibility to monitor measured values \u200b\u200bin real time and integrate them into existing process control systems.<\/li>\n \t<li>Our module features automatic email alert notifications, providing you with instant updates on the status of your system. This allows you to respond quickly to issues and minimize costly downtime.<\/li>\n \t<li>For even greater security, our module offers redundant operation to ensure your system is always running. It also features reliable data storage, giving you access to historical operating data at any time.<\/li>\n \t<li>Our control module also provides detailed status reports with operating value curves to help you closely monitor your plant's operation.<\/li>\n<\/ul>\t\t\t\t\t\t\t\t<\/div>\n\t\t\t\t<\/div>\n\t\t\t\t<div class=\"elementor-element elementor-element-ca753f2 main-btn elementor-widget elementor-widget-button\" data-id=\"ca753f2\" data-element_type=\"widget\" data-widget_type=\"button.default\">\n\t\t\t\t<div class=\"elementor-widget-container\">\n\t\t\t\t\t\t\t\t\t<div class=\"elementor-button-wrapper\">\n\t\t\t\t\t<a class=\"elementor-button elementor-button-link elementor-size-sm elementor-animation-grow\" href=\"https:\/\/agnium.de\/en\/regeneration-service\/\">\n\t\t\t\t\t\t<span class=\"elementor-button-content-wrapper\">\n\t\t\t\t\t\t<span class=\"elementor-button-icon\">\n\t\t\t\t<svg aria-hidden=\"true\" class=\"e-font-icon-svg e-fas-cog\" viewbox=\"0 0 512 512\" xmlns=\"http:\/\/www.w3.org\/2000\/svg\"><path d=\"M487.4 315.7l-42.6-24.6c4.3-23.2 4.3-47 0-70.2l42.6-24.6c4.9-2.8 7.1-8.6 5.5-14-11.1-35.6-30-67.8-54.7-94.6-3.8-4.1-10-5.1-14.8-2.3L380.8 110c-17.9-15.4-38.5-27.3-60.8-35.1V25.8c0-5.6-3.9-10.5-9.4-11.7-36.7-8.2-74.3-7.8-109.2 0-5.5 1.2-9.4 6.1-9.4 11.7V75c-22.2 7.9-42.8 19.8-60.8 35.1L88.7 85.5c-4.9-2.8-11-1.9-14.8 2.3-24.7 26.7-43.6 58.9-54.7 94.6-1.7 5.4.6 11.2 5.5 14L67.3 221c-4.3 23.2-4.3 47 0 70.2l-42.6 24.6c-4.9 2.8-7.1 8.6-5.5 14 11.1 35.6 30 67.8 54.7 94.6 3.8 4.1 10 5.1 14.8 2.3l42.6-24.6c17.9 15.4 38.5 27.3 60.8 35.1v49.2c0 5.6 3.9 10.5 9.4 11.7 36.7 8.2 74.3 7.8 109.2 0 5.5-1.2 9.4-6.1 9.4-11.7v-49.2c22.2-7.9 42.8-19.8 60.8-35.1l42.6 24.6c4.9 2.8 11 1.9 14.8-2.3 24.7-26.7 43.6-58.9 54.7-94.6 1.5-5.5-.7-11.3-5.6-14.1zM256 336c-44.1 0-80-35.9-80-80s35.9-80 80-80 80 35.9 80 80-35.9 80-80 80z\"><\/path><\/svg>\t\t\t<\/span>\n\t\t\t\t\t\t\t\t\t<span class=\"elementor-button-text\">Regeneration & Service<\/span>\n\t\t\t\t\t<\/span>\n\t\t\t\t\t<\/a>\n\t\t\t\t<\/div>\n\t\t\t\t\t\t\t\t<\/div>\n\t\t\t\t<\/div>\n\t\t\t\t\t<\/div>\n\t\t<\/div>\n\t\t\t\t<div class=\"elementor-column elementor-col-50 elementor-inner-column elementor-element elementor-element-e366cf1\" data-id=\"e366cf1\" data-element_type=\"column\">\n\t\t\t<div class=\"elementor-widget-wrap elementor-element-populated\">\n\t\t\t\t\t\t<div class=\"elementor-element elementor-element-243cfde elementor-widget elementor-widget-image\" data-id=\"243cfde\" data-element_type=\"widget\" data-widget_type=\"image.default\">\n\t\t\t\t<div class=\"elementor-widget-container\">\n\t\t\t\t\t\t\t\t\t\t\t\t\t\t\t<img decoding=\"async\" width=\"1200\" height=\"750\" src=\"https:\/\/agnium.de\/wp-content\/uploads\/2025\/06\/rsw_1200cg_true-1.webp\" class=\"attachment-full size-full wp-image-610\" alt=\"\" srcset=\"https:\/\/agnium.de\/wp-content\/uploads\/2025\/06\/rsw_1200cg_true-1.webp 1200w, https:\/\/agnium.de\/wp-content\/uploads\/2025\/06\/rsw_1200cg_true-1-300x188.webp 300w, https:\/\/agnium.de\/wp-content\/uploads\/2025\/06\/rsw_1200cg_true-1-1024x640.webp 1024w, https:\/\/agnium.de\/wp-content\/uploads\/2025\/06\/rsw_1200cg_true-1-768x480.webp 768w\" sizes=\"(max-width: 1200px) 100vw, 1200px\" \/>\t\t\t\t\t\t\t\t\t\t\t\t\t\t\t<\/div>\n\t\t\t\t<\/div>\n\t\t\t\t\t<\/div>\n\t\t<\/div>\n\t\t\t\t\t<\/div>\n\t\t<\/section>\n\t\t\t\t\t<\/div>\n\t\t<\/div>\n\t\t\t\t\t<\/div>\n\t\t<\/section>\n\t\t\t\t<\/div>","protected":false},"excerpt":{"rendered":"<p>Software Entwicklung und Steuerung Wir entwickeln intelligente Steuerungsl\u00f6sungen und ma\u00dfgeschneiderte Software f\u00fcr Labor-, Industrie- und Wasseraufbereitungsanlagen. Unsere Module bieten h\u00f6chste Zuverl\u00e4ssigkeit, einfache Integration, Echtzeit\u00fcberwachung und benutzerfreundliche Bedienung \u2013 alles aus einer Hand. Erkunde mehr Leiterplatten- und Softwareentwicklung Wir sind spezialisiert auf die Entwicklung von Steuerungsmodule f\u00fcr Labor- und Industrieger\u00e4ten, \u00dcberwachungs- und Sicherheitssystemen, und bieten auch kundenspezifische L\u00f6sungen f\u00fcr weitere Anwendungen. Unser Ziel ist es, Ihnen kosteneffiziente L\u00f6sungen mit h\u00f6chster Qualit\u00e4t und Zuverl\u00e4ssigkeit zu bieten. Wir legen gro\u00dfen Wert auf eine offene und transparente Kommunikation und arbeiten eng mit Ihnen zusammen, um sicherzustellen, dass unsere L\u00f6sungen Ihre Erwartungen erf\u00fcllen. Reinstwassersysteme Steuerung f\u00fcr RO-Anlagen Unser kompakter und preisg\u00fcnstiger Steuerungsmodul f\u00fcr RO Anlagen ist die ideale L\u00f6sung f\u00fcr die \u00dcberwachung und Steuerung Ihrer Anlage. Das Modul ist Plug-and-Play und kompatibel mit popul\u00e4ren Steuerungsmodulen wie dem OS3050, so dass eine \u00c4nderung des Schaltplans der RO-Anlage nicht erforderlich ist. \u00a0Unser Steuerungsmodul verf\u00fcgt eine Modbus-TCP-Verbindung, die eine einfache Integration in vorhandene \u00dcberwachungssysteme erm\u00f6glichen. Dies bietet Ihnen die Flexibilit\u00e4t, die Messwerte in Echtzeit zu \u00fcberwachen und in vorhandene Prozesskontrollsysteme zu integrieren.\u00a0 Mit einem 7&#8243; Touchscreen-Display bietet unser Modul eine benutzerfreundliche Oberfl\u00e4che, um alle Funktionen des Moduls zu steuern. Zus\u00e4tzlich verf\u00fcgt es \u00fcber eine automatische Alarm-Benachrichtigung per Email, die Ihnen sofortige Updates \u00fcber den Status Ihrer Anlage gibt. Dadurch k\u00f6nnen Sie schnell auf Probleme reagieren und kostspielige Ausfallzeiten minimieren. F\u00fcr noch mehr Sicherheit bietet unser Modul einen redundanten Betrieb, um sicherzustellen, dass Ihre Anlage immer in Betrieb ist. Zudem verf\u00fcgt es \u00fcber eine zuverl\u00e4ssige Datenspeicherung, die Ihnen jederzeit den Zugriff auf historische Betriebsdaten erm\u00f6glicht. Unser kompakter und preisg\u00fcnstiger Steuerungsmodul bietet au\u00dferdem detaillierte Statusberichte mit Kurven f\u00fcr Betriebswerte, die Ihnen helfen, den Betrieb Ihrer Anlage genau zu verfolgen. So k\u00f6nnen Sie Trends und Muster erkennen und schnell auf Ver\u00e4nderungen reagieren, um eine optimale Leistung zu gew\u00e4hrleisten. Investieren Sie in unser kompaktes und preisg\u00fcnstiges Steuerungsmodul f\u00fcr RO-EDI Anlagen und genie\u00dfen Sie die Vorteile einer zuverl\u00e4ssigen und leistungsstarken Steuerungsl\u00f6sung f\u00fcr Ihre Anlage. \u00a0 Steuerung f\u00fcr RO-EDI Anlagen Unser Steuerungsmodul f\u00fcr RO-EDI Anlagen ist eine leistungsstarke L\u00f6sung f\u00fcr die \u00dcberwachung und Steuerung Ihrer Anlage. Mit einem 10&#8243; Touchscreen-Display haben Sie eine benutzerfreundliche Oberfl\u00e4che, um alle Funktionen des Moduls zu steuern. Unser Steuerungsmodul verf\u00fcgt eine Modbus-TCP-Verbindung, die eine einfache Integration in vorhandene \u00dcberwachungssysteme erm\u00f6glichen. Dies bietet Ihnen die Flexibilit\u00e4t, die Messwerte in Echtzeit zu \u00fcberwachen und in vorhandene Prozesskontrollsysteme zu integrieren. Unser Modul verf\u00fcgt \u00fcber eine automatische Alarm-Benachrichtigung per Email, die Ihnen sofortige Updates \u00fcber den Status Ihrer Anlage gibt. Dadurch k\u00f6nnen Sie schnell auf Probleme reagieren und kostspielige Ausfallzeiten minimieren. F\u00fcr noch mehr Sicherheit bietet unser Modul einen redundanten Betrieb, um sicherzustellen, dass Ihre Anlage immer in Betrieb ist. Zudem verf\u00fcgt es \u00fcber eine zuverl\u00e4ssige Datenspeicherung, die Ihnen jederzeit den Zugriff auf historische Betriebsdaten erm\u00f6glicht. Unser Steuerungsmodul bietet au\u00dferdem detaillierte Statusberichte mit Kurven f\u00fcr Betriebswerte, die Ihnen helfen, den Betrieb Ihrer Anlage genau zu verfolgen. Regeneration &#038; Service<\/p>","protected":false},"author":1,"featured_media":0,"parent":0,"menu_order":0,"comment_status":"closed","ping_status":"closed","template":"","meta":{"ocean_post_layout":"full-width","ocean_both_sidebars_style":"","ocean_both_sidebars_content_width":0,"ocean_both_sidebars_sidebars_width":0,"ocean_sidebar":"0","ocean_second_sidebar":"0","ocean_disable_margins":"on","ocean_add_body_class":"","ocean_shortcode_before_top_bar":"","ocean_shortcode_after_top_bar":"","ocean_shortcode_before_header":"","ocean_shortcode_after_header":"","ocean_has_shortcode":"","ocean_shortcode_after_title":"","ocean_shortcode_before_footer_widgets":"","ocean_shortcode_after_footer_widgets":"","ocean_shortcode_before_footer_bottom":"","ocean_shortcode_after_footer_bottom":"","ocean_display_top_bar":"default","ocean_display_header":"default","ocean_header_style":"","ocean_center_header_left_menu":"0","ocean_custom_header_template":"0","ocean_custom_logo":0,"ocean_custom_retina_logo":0,"ocean_custom_logo_max_width":0,"ocean_custom_logo_tablet_max_width":0,"ocean_custom_logo_mobile_max_width":0,"ocean_custom_logo_max_height":0,"ocean_custom_logo_tablet_max_height":0,"ocean_custom_logo_mobile_max_height":0,"ocean_header_custom_menu":"0","ocean_menu_typo_font_family":"0","ocean_menu_typo_font_subset":"","ocean_menu_typo_font_size":0,"ocean_menu_typo_font_size_tablet":0,"ocean_menu_typo_font_size_mobile":0,"ocean_menu_typo_font_size_unit":"px","ocean_menu_typo_font_weight":"","ocean_menu_typo_font_weight_tablet":"","ocean_menu_typo_font_weight_mobile":"","ocean_menu_typo_transform":"","ocean_menu_typo_transform_tablet":"","ocean_menu_typo_transform_mobile":"","ocean_menu_typo_line_height":0,"ocean_menu_typo_line_height_tablet":0,"ocean_menu_typo_line_height_mobile":0,"ocean_menu_typo_line_height_unit":"","ocean_menu_typo_spacing":0,"ocean_menu_typo_spacing_tablet":0,"ocean_menu_typo_spacing_mobile":0,"ocean_menu_typo_spacing_unit":"","ocean_menu_link_color":"","ocean_menu_link_color_hover":"","ocean_menu_link_color_active":"","ocean_menu_link_background":"","ocean_menu_link_hover_background":"","ocean_menu_link_active_background":"","ocean_menu_social_links_bg":"","ocean_menu_social_hover_links_bg":"","ocean_menu_social_links_color":"","ocean_menu_social_hover_links_color":"","ocean_disable_title":"on","ocean_disable_heading":"default","ocean_post_title":"","ocean_post_subheading":"","ocean_post_title_style":"","ocean_post_title_background_color":"","ocean_post_title_background":0,"ocean_post_title_bg_image_position":"","ocean_post_title_bg_image_attachment":"","ocean_post_title_bg_image_repeat":"","ocean_post_title_bg_image_size":"","ocean_post_title_height":0,"ocean_post_title_bg_overlay":0.5,"ocean_post_title_bg_overlay_color":"","ocean_disable_breadcrumbs":"off","ocean_breadcrumbs_color":"","ocean_breadcrumbs_separator_color":"","ocean_breadcrumbs_links_color":"","ocean_breadcrumbs_links_hover_color":"","ocean_display_footer_widgets":"default","ocean_display_footer_bottom":"default","ocean_custom_footer_template":"0","footnotes":""},"class_list":["post-589","page","type-page","status-publish","hentry","entry"],"_links":{"self":[{"href":"https:\/\/agnium.de\/en\/wp-json\/wp\/v2\/pages\/589","targetHints":{"allow":["GET"]}}],"collection":[{"href":"https:\/\/agnium.de\/en\/wp-json\/wp\/v2\/pages"}],"about":[{"href":"https:\/\/agnium.de\/en\/wp-json\/wp\/v2\/types\/page"}],"author":[{"embeddable":true,"href":"https:\/\/agnium.de\/en\/wp-json\/wp\/v2\/users\/1"}],"replies":[{"embeddable":true,"href":"https:\/\/agnium.de\/en\/wp-json\/wp\/v2\/comments?post=589"}],"version-history":[{"count":0,"href":"https:\/\/agnium.de\/en\/wp-json\/wp\/v2\/pages\/589\/revisions"}],"wp:attachment":[{"href":"https:\/\/agnium.de\/en\/wp-json\/wp\/v2\/media?parent=589"}],"curies":[{"name":"wp","href":"https:\/\/api.w.org\/{rel}","templated":true}]}}